{"id":283,"date":"2026-05-11T13:59:46","date_gmt":"2026-05-11T06:59:46","guid":{"rendered":"https:\/\/thanhdat.myhazo.net\/?post_type=product&#038;p=283"},"modified":"2026-05-12T13:45:56","modified_gmt":"2026-05-12T06:45:56","slug":"noi-that-go-co-dien","status":"publish","type":"product","link":"https:\/\/thanhdat.myhazo.net\/?product=noi-that-go-co-dien","title":{"rendered":"Xe 4 ch\u1ed7 Toyota c\u1ed5 \u0111i\u1ec3n 2018"},"content":{"rendered":"<h2>T\u1ea1i HCBC, ch\u00fang t\u00f4i xin h\u00e2n h\u1ea1nh \u0111\u01b0\u1ee3c ph\u1ee5c v\u1ee5 kh\u00e1ch h\u00e0ng c\u00e1c d\u00f2ng s\u1ea3n ph\u1ea9m cao c\u1ea5p:<\/h2>\n<ul>\n<li><a href=\"https:\/\/hcbc.vn\/noi-that-phong-lam-viec-pc40.html\" target=\"_blank\" rel=\"noopener\">N\u1ed9i th\u1ea5t ph\u00f2ng l\u00e0m vi\u1ec7c \u0111\u1eb3ng c\u1ea5p<\/a><\/li>\n<li><a href=\"https:\/\/hcbc.vn\/noi-that-phong-ngu-pc11.html\" target=\"_blank\" rel=\"noopener\">N\u1ed9i th\u1ea5t ph\u00f2ng ng\u1ee7 phong c\u00e1ch Ch\u00e2u \u00c2u<\/a><\/li>\n<li><a href=\"https:\/\/hcbc.vn\/noi-that-phong-an-pc7.html\" target=\"_blank\" rel=\"noopener\">N\u1ed9i th\u1ea5t ph\u00f2ng \u0103n tinh t\u1ebf<\/a><\/li>\n<li><a href=\"https:\/\/hcbc.vn\/noi-that-phong-khach-pc1.html\" target=\"_blank\" rel=\"noopener\">N\u1ed9i th\u1ea5t ph\u00f2ng kh\u00e1ch sang tr\u1ecdng<\/a><\/li>\n<li><a href=\"https:\/\/hcbc.vn\/may-phat-nhac-tan-co-dien-1-pc22.html\" target=\"_blank\" rel=\"noopener\">M\u00e1y ph\u00e1t nh\u1ea1c t\u00e2n c\u1ed5 \u0111i\u1ec3n<\/a><\/li>\n<li><a href=\"https:\/\/hcbc.vn\/tranh-son-dau-chau-au-pc21.html\" target=\"_blank\" rel=\"noopener\">Tranh s\u01a1n d\u1ea7u Ch\u00e2u \u00c2u<\/a><\/li>\n<li><a href=\"https:\/\/hcbc.vn\/do-trang-tri-tan-co-dien-pc20.html\" target=\"_blank\" rel=\"noopener\">\u0110\u1ed3 trang tr\u00ed t\u00e2n c\u1ed5 \u0111i\u1ec3n<\/a><\/li>\n<\/ul>\n","protected":false},"excerpt":{"rendered":"<p>T\u1ea1i HCBC, ch\u00fang t\u00f4i xin h\u00e2n h\u1ea1nh \u0111\u01b0\u1ee3c ph\u1ee5c v\u1ee5 kh\u00e1ch h\u00e0ng c\u00e1c d\u00f2ng s\u1ea3n ph\u1ea9m cao c\u1ea5p: N\u1ed9i th\u1ea5t ph\u00f2ng l\u00e0m vi\u1ec7c \u0111\u1eb3ng c\u1ea5p N\u1ed9i th\u1ea5t ph\u00f2ng ng\u1ee7 phong c\u00e1ch Ch\u00e2u \u00c2u N\u1ed9i th\u1ea5t ph\u00f2ng \u0103n tinh t\u1ebf N\u1ed9i th\u1ea5t ph\u00f2ng kh\u00e1ch sang tr\u1ecdng M\u00e1y ph\u00e1t nh\u1ea1c t\u00e2n c\u1ed5 \u0111i\u1ec3n Tranh s\u01a1n d\u1ea7u Ch\u00e2u<\/p>\n","protected":false},"featured_media":346,"comment_status":"open","ping_status":"closed","template":"","meta":{"_acf_changed":false},"product_brand":[],"product_cat":[24],"product_tag":[],"class_list":{"0":"post-283","1":"product","2":"type-product","3":"status-publish","4":"has-post-thumbnail","6":"product_cat-xe-4-cho","8":"first","9":"instock","10":"sale","11":"shipping-taxable","12":"purchasable","13":"product-type-simple"},"acf":[],"_links":{"self":[{"href":"https:\/\/thanhdat.myhazo.net\/index.php?rest_route=\/wp\/v2\/product\/283","targetHints":{"allow":["GET"]}}],"collection":[{"href":"https:\/\/thanhdat.myhazo.net\/index.php?rest_route=\/wp\/v2\/product"}],"about":[{"href":"https:\/\/thanhdat.myhazo.net\/index.php?rest_route=\/wp\/v2\/types\/product"}],"replies":[{"embeddable":true,"href":"https:\/\/thanhdat.myhazo.net\/index.php?rest_route=%2Fwp%2Fv2%2Fcomments&post=283"}],"wp:featuredmedia":[{"embeddable":true,"href":"https:\/\/thanhdat.myhazo.net\/index.php?rest_route=\/wp\/v2\/media\/346"}],"wp:attachment":[{"href":"https:\/\/thanhdat.myhazo.net\/index.php?rest_route=%2Fwp%2Fv2%2Fmedia&parent=283"}],"wp:term":[{"taxonomy":"product_brand","embeddable":true,"href":"https:\/\/thanhdat.myhazo.net\/index.php?rest_route=%2Fwp%2Fv2%2Fproduct_brand&post=283"},{"taxonomy":"product_cat","embeddable":true,"href":"https:\/\/thanhdat.myhazo.net\/index.php?rest_route=%2Fwp%2Fv2%2Fproduct_cat&post=283"},{"taxonomy":"product_tag","embeddable":true,"href":"https:\/\/thanhdat.myhazo.net\/index.php?rest_route=%2Fwp%2Fv2%2Fproduct_tag&post=283"}],"curies":[{"name":"wp","href":"https:\/\/api.w.org\/{rel}","templated":true}]}}