{"id":101,"date":"2026-05-07T10:08:16","date_gmt":"2026-05-07T03:08:16","guid":{"rendered":"https:\/\/thanhdat.myhazo.net\/?post_type=product&#038;p=101"},"modified":"2026-05-11T13:54:44","modified_gmt":"2026-05-11T06:54:44","slug":"phong-05","status":"publish","type":"product","link":"https:\/\/thanhdat.myhazo.net\/?product=phong-05","title":{"rendered":"Ph\u00f2ng 05"},"content":{"rendered":"<p>C\u1ecf Nhung trong gi\u1edbi c\u00e2y xanh c\u1ea3nh quan c\u00f2n c\u00f3 t\u00ean g\u1ecdi kh\u00e1c l\u00e0 c\u1ecf L\u00f4ng Heo, c\u1ecf Ch\u1ec9, l\u00e0 lo\u1ea1i c\u1ecf tr\u1ed3ng l\u00e2u n\u0103m, \u0111\u01b0\u1ee3c \u01b0a chu\u1ed9ng b\u1edfi nh\u1eefng ai kh\u00f4ng mu\u1ed1n ph\u1ea3i t\u1ed1n c\u00f4ng c\u1eaft c\u1ecf nhi\u1ec1u l\u1ea7n. C\u1ecf Nhung c\u00f3 t\u00ean khoa h\u1ecdc l\u00e0 Zoysia Tenuifolia, l\u00e0 gi\u1ed1ng c\u1ecf ngo\u1ea1i nh\u1eadp, c\u00f3 ngu\u1ed3n g\u1ed1c t\u1eeb c\u00e1c qu\u1ed1c gia \u0110\u00f4ng Nam \u00c1. C\u1ecf Nhung l\u1ea7n \u0111\u1ea7u \u0111\u01b0\u1ee3c ph\u00e1t hi\u1ec7n v\u00e0o th\u1ebf k\u1ef7 18 b\u1edfi nh\u00e0 th\u1ef1c v\u1eadt h\u1ecdc ng\u01b0\u1eddi \u00c1o t\u00ean l\u00e0 Karl Von Zois.<\/p>\n<p>C\u1ecf L\u00f4ng Heo c\u00f2n \u0111\u01b0\u1ee3c bi\u1ebft \u0111\u1ebfn qua c\u00e1i t\u00ean c\u1ecf Nhung Nh\u1eadt B\u1ea3n, c\u1ecf Nhung H\u00e0n Qu\u1ed1c, c\u1ecf ch\u00f9a, c\u1ecf kh\u00f4ng c\u1eaft, c\u1ecf Kourai v\u00e0 th\u1eadm ch\u00ed l\u00e0 c\u1ecf ch\u1ea1m (v\u00ec m\u1ecdi ng\u01b0\u1eddi th\u00edch ch\u1ea1m v\u00e0o n\u00f3 b\u1edfi \u0111\u1eb7c t\u00ednh m\u1ec1m m\u1ea1i c\u1ee7a th\u00e2n c\u1ecf).<\/p>\n<p>C\u1ecf Nhung ph\u00e1t tri\u1ec3n ch\u1eadm v\u1edbi chi\u1ec1u cao th\u1ea5p, l\u00e1 r\u1ea5t m\u1ecbn, m\u00e0u xanh \u0111\u1eadm, l\u00e1 c\u1ecf \u0111an v\u00e0o nhau t\u1ea1o th\u00e0nh m\u1ea3ng d\u00e0y, cao, t\u01b0\u01a1i t\u1ed1t, m\u1ec1m m\u1ea1i v\u00e0 \u00eam \u00e1i n\u00ean c\u1ecf Nhung r\u1ea5t l\u00fd t\u01b0\u1edfng tr\u1ed3ng th\u00e0nh b\u00e3i c\u1ecf t\u1ea1o \u0111\u1ed3i c\u1ea3nh quan, tr\u1ed3ng tr\u00ean c\u00e1c s\u01b0\u1eddn d\u1ed1c, ho\u1eb7c tr\u1ed3ng th\u00e0nh th\u1ea3m c\u1ecf xanh trong v\u01b0\u1eddn, tr\u1ed3ng quanh ao h\u1ed3, ho\u1eb7c s\u00e2n golf.<\/p>\n","protected":false},"excerpt":{"rendered":"<p>C\u1ecf Nhung trong gi\u1edbi c\u00e2y xanh c\u1ea3nh quan c\u00f2n c\u00f3 t\u00ean g\u1ecdi kh\u00e1c l\u00e0 c\u1ecf L\u00f4ng Heo, c\u1ecf Ch\u1ec9, l\u00e0 lo\u1ea1i c\u1ecf tr\u1ed3ng l\u00e2u n\u0103m, \u0111\u01b0\u1ee3c \u01b0a chu\u1ed9ng b\u1edfi nh\u1eefng ai kh\u00f4ng mu\u1ed1n ph\u1ea3i t\u1ed1n c\u00f4ng c\u1eaft c\u1ecf nhi\u1ec1u l\u1ea7n. C\u1ecf Nhung c\u00f3 t\u00ean khoa h\u1ecdc l\u00e0 Zoysia Tenuifolia, l\u00e0 gi\u1ed1ng c\u1ecf ngo\u1ea1i nh\u1eadp, c\u00f3 ngu\u1ed3n g\u1ed1c t\u1eeb c\u00e1c qu\u1ed1c gia \u0110\u00f4ng Nam \u00c1. C\u1ecf Nhung l\u1ea7n \u0111\u1ea7u \u0111\u01b0\u1ee3c ph\u00e1t hi\u1ec7n v\u00e0o th\u1ebf k\u1ef7 18 b\u1edfi nh\u00e0 th\u1ef1c v\u1eadt h\u1ecdc ng\u01b0\u1eddi \u00c1o t\u00ean l\u00e0 Karl Von Zois.<\/p>\n","protected":false},"featured_media":282,"comment_status":"open","ping_status":"closed","template":"","meta":{"_acf_changed":false},"product_brand":[],"product_cat":[19],"product_tag":[],"class_list":{"0":"post-101","1":"product","2":"type-product","3":"status-publish","4":"has-post-thumbnail","6":"product_cat-noi-that","8":"first","9":"instock","10":"sale","11":"shipping-taxable","12":"purchasable","13":"product-type-variable"},"acf":[],"_links":{"self":[{"href":"https:\/\/thanhdat.myhazo.net\/index.php?rest_route=\/wp\/v2\/product\/101","targetHints":{"allow":["GET"]}}],"collection":[{"href":"https:\/\/thanhdat.myhazo.net\/index.php?rest_route=\/wp\/v2\/product"}],"about":[{"href":"https:\/\/thanhdat.myhazo.net\/index.php?rest_route=\/wp\/v2\/types\/product"}],"replies":[{"embeddable":true,"href":"https:\/\/thanhdat.myhazo.net\/index.php?rest_route=%2Fwp%2Fv2%2Fcomments&post=101"}],"wp:featuredmedia":[{"embeddable":true,"href":"https:\/\/thanhdat.myhazo.net\/index.php?rest_route=\/wp\/v2\/media\/282"}],"wp:attachment":[{"href":"https:\/\/thanhdat.myhazo.net\/index.php?rest_route=%2Fwp%2Fv2%2Fmedia&parent=101"}],"wp:term":[{"taxonomy":"product_brand","embeddable":true,"href":"https:\/\/thanhdat.myhazo.net\/index.php?rest_route=%2Fwp%2Fv2%2Fproduct_brand&post=101"},{"taxonomy":"product_cat","embeddable":true,"href":"https:\/\/thanhdat.myhazo.net\/index.php?rest_route=%2Fwp%2Fv2%2Fproduct_cat&post=101"},{"taxonomy":"product_tag","embeddable":true,"href":"https:\/\/thanhdat.myhazo.net\/index.php?rest_route=%2Fwp%2Fv2%2Fproduct_tag&post=101"}],"curies":[{"name":"wp","href":"https:\/\/api.w.org\/{rel}","templated":true}]}}